{"id":54,"date":"2022-05-17T09:09:12","date_gmt":"2022-05-17T06:09:12","guid":{"rendered":"https:\/\/aytugatikyonetimi.com\/?page_id=54"},"modified":"2022-06-08T16:39:23","modified_gmt":"2022-06-08T13:39:23","slug":"iletisim","status":"publish","type":"page","link":"https:\/\/aytugatikyonetimi.com\/","title":{"rendered":"\u0130leti\u015fim"},"content":{"rendered":"\n<p>info@aytugatikyonetimi.com<\/p>\n\n\n\n<p>0232 436 36 30<\/p>\n\n\n\n<p>Fabrika Adresi: Yenmi\u015f Mah. Fabrika Yolu K\u00fcme Evleri No:20 A  Kemalpa\u015fa\/\u0130zmir<\/p>\n\n\n\n<p>Merkez Ofis Adresi: Mansuro\u011flu Mah. Ankara Caddesi No:47 D:502 Bayrakl\u0131\/\u0130zmir<\/p>\n","protected":false},"excerpt":{"rendered":"<p>info@aytugatikyonetimi.com 0232 436 36 30 Fabrika Adresi: Yenmi\u015f Mah. Fabrika Yolu K\u00fcme Evleri No:20 A Kemalpa\u015fa\/\u0130zmir Merkez Ofis Adresi: Mansuro\u011flu Mah. Ankara Caddesi No:47 D:502 Bayrakl\u0131\/\u0130zmir<\/p>\n","protected":false},"author":1,"featured_media":0,"parent":0,"menu_order":0,"comment_status":"closed","ping_status":"closed","template":"","meta":{"footnotes":""},"class_list":["post-54","page","type-page","status-publish","hentry"],"_links":{"self":[{"href":"https:\/\/aytugatikyonetimi.com\/index.php\/wp-json\/wp\/v2\/pages\/54","targetHints":{"allow":["GET"]}}],"collection":[{"href":"https:\/\/aytugatikyonetimi.com\/index.php\/wp-json\/wp\/v2\/pages"}],"about":[{"href":"https:\/\/aytugatikyonetimi.com\/index.php\/wp-json\/wp\/v2\/types\/page"}],"author":[{"embeddable":true,"href":"https:\/\/aytugatikyonetimi.com\/index.php\/wp-json\/wp\/v2\/users\/1"}],"replies":[{"embeddable":true,"href":"https:\/\/aytugatikyonetimi.com\/index.php\/wp-json\/wp\/v2\/comments?post=54"}],"version-history":[{"count":3,"href":"https:\/\/aytugatikyonetimi.com\/index.php\/wp-json\/wp\/v2\/pages\/54\/revisions"}],"predecessor-version":[{"id":167,"href":"https:\/\/aytugatikyonetimi.com\/index.php\/wp-json\/wp\/v2\/pages\/54\/revisions\/167"}],"wp:attachment":[{"href":"https:\/\/aytugatikyonetimi.com\/index.php\/wp-json\/wp\/v2\/media?parent=54"}],"curies":[{"name":"wp","href":"https:\/\/api.w.org\/{rel}","templated":true}]}}